{"id":16,"date":"2015-07-07T02:16:53","date_gmt":"2015-07-07T02:16:53","guid":{"rendered":"https:\/\/epkdeutsch.rioandtherockabillyrevival.com\/?page_id=16"},"modified":"2015-07-07T02:39:34","modified_gmt":"2015-07-07T02:39:34","slug":"kontakte","status":"publish","type":"page","link":"https:\/\/epkdeutsch.rioandtherockabillyrevival.com\/index.php\/kontakte\/","title":{"rendered":"Kontakte"},"content":{"rendered":"<p><strong>Vermittlungsagentur<\/strong><\/p>\n<p>tel: (USA) +1.313.528.9486<\/p>\n<p>tel: (IE) +353 (76) 888 7198<\/p>\n<p>tel: (UK) +44 20 3514 2775<\/p>\n<p>e: <a href=\"mailto:bookrrr@rioandtherockabillyrevival.com\">bookrrr@rioandtherockabillyrevival.com<\/a><\/p>\n<p id=\"tw-target-text\" class=\"tw-data-text vk_txt tw-ta tw-text-medium\" dir=\"ltr\" data-placeholder=\"Translation\"><strong>Europ\u00e4ische Vermittlungsagentur:<\/strong><\/p>\n<p>(Deutschland, \u00d6sterreich, Schweiz, Holland, Belgien und Griechenland)<\/p>\n<p>J\u00f6rg Himmrich Unterhaltung<\/p>\n<p>Managing Director, J\u00f6rg Kudlaczyk<\/p>\n<p>Grabbestr.1<\/p>\n<p>32257 B\u00fcnde<\/p>\n<p>tel: (DE) +49 (0) 5223 6554 326<\/p>\n<p>e: <a href=\"mailto:joerg.kudlacyzk@joerghimmrich.com\">joerg.kudlacyzk@joerghimmrich.com<\/a> or <a href=\"mailto:agentur@joerghimmrich.com\">agentur@joerghimmrich.com<\/a><\/p>\n<p><span style=\"text-decoration: underline;\"><strong>Management<\/strong><\/span><\/p>\n<p>Marie Scott-Wagner,<\/p>\n<p>Marie Scott Management, LLC<\/p>\n<p>tel: (usa) +1.248.240.6647<\/p>\n<p>e: <a href=\"mailto:management@rioandtherockabillyrevival.com\">management@rioandtherockabillyrevival.com<\/a><\/p>\n<p><span style=\"text-decoration: underline;\"><strong>Press Inquiries, Interview or Album Review Inquiries<\/strong><\/span><\/p>\n<p>J\u00f6rg Himmrich Unterhaltung<\/p>\n<p>Managing Director, J\u00f6rg Kudlaczyk<\/p>\n<p>Grabbestr.1<\/p>\n<p>32257 B\u00fcnde<\/p>\n<p>tel: (De) +49 (0) 5223 6554 326<\/p>\n<p>e: <a href=\"mailto:joerg.kudlacyzk@joerghimmrich.com\">joerg.kudlacyzk@joerghimmrich.com<\/a> or <a href=\"mailto:agentur@joerghimmrich.com\">agentur@joerghimmrich.com<\/a><\/p>\n<p><span style=\"text-decoration: underline;\"><strong>Schreiben Rio oder Junebug:<\/strong><\/span><\/p>\n<p>e: <a href=\"mailto:rio@rioandtherockabillyrevival.com\">rio@rioandtherockabillyrevival.com<\/a><\/p>\n<p>e: <a href=\"mailto:junebug@rioandtherockabillyrevival.com\">junebug@rioandtherockabillyrevival.com<\/a><\/p>\n","protected":false},"excerpt":{"rendered":"<p>Vermittlungsagentur tel: (USA) +1.313.528.9486 tel: (IE) +353 (76) 888 7198 tel: (UK) +44 20 3514 2775 e: bookrrr@rioandtherockabillyrevival.com Europ\u00e4ische Vermittlungsagentur: (Deutschland, \u00d6sterreich, Schweiz, Holland, Belgien und Griechenland) J\u00f6rg&#8230;<\/p>\n","protected":false},"author":1,"featured_media":0,"parent":0,"menu_order":4,"comment_status":"open","ping_status":"closed","template":"","meta":{"footnotes":""},"class_list":["post-16","page","type-page","status-publish","hentry"],"_links":{"self":[{"href":"https:\/\/epkdeutsch.rioandtherockabillyrevival.com\/index.php\/wp-json\/wp\/v2\/pages\/16","targetHints":{"allow":["GET"]}}],"collection":[{"href":"https:\/\/epkdeutsch.rioandtherockabillyrevival.com\/index.php\/wp-json\/wp\/v2\/pages"}],"about":[{"href":"https:\/\/epkdeutsch.rioandtherockabillyrevival.com\/index.php\/wp-json\/wp\/v2\/types\/page"}],"author":[{"embeddable":true,"href":"https:\/\/epkdeutsch.rioandtherockabillyrevival.com\/index.php\/wp-json\/wp\/v2\/users\/1"}],"replies":[{"embeddable":true,"href":"https:\/\/epkdeutsch.rioandtherockabillyrevival.com\/index.php\/wp-json\/wp\/v2\/comments?post=16"}],"version-history":[{"count":0,"href":"https:\/\/epkdeutsch.rioandtherockabillyrevival.com\/index.php\/wp-json\/wp\/v2\/pages\/16\/revisions"}],"wp:attachment":[{"href":"https:\/\/epkdeutsch.rioandtherockabillyrevival.com\/index.php\/wp-json\/wp\/v2\/media?parent=16"}],"curies":[{"name":"wp","href":"https:\/\/api.w.org\/{rel}","templated":true}]}}