{"id":11,"date":"2015-07-07T02:27:08","date_gmt":"2015-07-07T02:27:08","guid":{"rendered":"https:\/\/epkdeutsch.rioandtherockabillyrevival.com\/?page_id=11"},"modified":"2015-07-07T02:39:20","modified_gmt":"2015-07-07T02:39:20","slug":"presse-kritik","status":"publish","type":"page","link":"https:\/\/epkdeutsch.rioandtherockabillyrevival.com\/index.php\/presse-kritik\/","title":{"rendered":"Presse Kritik"},"content":{"rendered":"<h1 class=\"p1\">Die Presse redet&#8230;..<\/h1>\n<p class=\"p1\"><strong>&#8220;Scafone&#8217;s auf der B\u00fchne, sich drehen, schwingen ubd besitzt jeden Centimeter wie eine bessessene satanische Derwisch. Ganz schnell ist die nostalgische Leistung, Kunst, eine super Show, Band und ein Rock n&#8217; Roll Wunder.&#8221;<\/strong><\/p>\n<p class=\"p1\">Brett Callwood. &#8220;Her name is Rio: Jack Scott&#8217;s niece shows us how it&#8217;s all in the genes.&#8221; <em>MetroTimes<\/em>, 7 M\u00e4rz 2012 in Print &amp; Web.<\/p>\n<hr \/>\n<p class=\"p1\">\n<p class=\"p1\"><strong>&#8220;An einen heissen Sontag Nachmittag&#8230;.\u00a0Ihr schwarzes Haar, gl\u00e4nzenden Busen, mit Schweiss bedeckt, wie eine Zigeunerin. Und als sie ihre Nummer &#8216;Save My Soul&#8217; von sich schleudert muss ich berichten das ich trotz der Hitze G\u00e4nsehaut auf beiden Armen und einen K\u00e4lteschuss auf meiner Wirbels\u00e4ule bekam.<\/strong><\/p>\n<p class=\"p1\"><strong>(&#8230;) Rio Scafone ist eine Fackel, ein ind die H\u00f6lle spucjendes Luder. Ihr Kern allerdings, ist die Hoffnung und Erl\u00f6ssung. Und offen gesagt, genug Sex Appeal um tektonische Platten<span class=\"Apple-converted-space\">\u00a0 <\/span>zu bewegen. sie gibt den Zuschauern eine Tracht Pruegel mit ihrer Musik ind sie lieben Rio und Company.&#8221;<\/strong><\/p>\n<p class=\"p1\">Tom Stevens. &#8220;It&#8217;s Called &#8216;Riockabilly,&#8217; Fool.&#8221; <em>MetroVibe<\/em>, Oktober 2012, Band 1, Ausgabe 2: Seiten 12-13. Print.<\/p>\n<hr \/>\n<p class=\"p1\">\n<p class=\"p1\"><strong>&#8220;Rio und RR sind nicht f\u00fcr die Wiederbelebung der Vergangenheit aber geben den heutigen Rock einen ganz sch\u00f6nen Tritt in den Arsch. Rio Scafone ist dynamisch, temperamentvoll, sexy, verf\u00fchrerisch und ein originales Talent. Ihre Bandmitglieder verbreiten die Stimmung von Jahrzenten her als diese noch ihr Blut, Schweiss und Traenen auf der B\u00fchne hinterliessen. Die Gruppe gibt alles und ist f\u00fcr alle Arten von Veranstaltungen angemessen. Auch Casino&#8217;s, Feste und Hallenfeiern.&#8221;<\/strong><\/p>\n<p class=\"p1\">Eric A Harabadian. &#8220;Live Review: Rio and the Rockabilly Revival.&#8221; <em>Music Connection<\/em>,\u00a020. August 2014 Print &amp; Web.<\/p>\n<hr \/>\n<p class=\"p1\">\n<p class=\"p1\"><strong>&#8220;Rio war so hinreissend. Egal ob Du Mann oder Frau bist, Du willst sie nicht aus den Augen lassen. Ich war total gefangen von ihr und es war eine Ehre der Gruppe zu zuschauen. Ich fuehlte mich als sollte ich mich bei Ihnen f\u00fcr die tolle Vorf\u00fchrung bedanken. Ich war mir sicher das eine Legende geboren war und ich fie n\u00e4chste Musik Generation gesehen habe.&#8221;<\/strong><\/p>\n<p class=\"p1\">Vera Khzouz. &#8220;ROCKABILLY REVIEW: Rio and the Rockabilly Revival.&#8221; <em>HEAR Magazine<\/em>, 11. M\u00e4rz 2012. Web.<\/p>\n<hr \/>\n<p class=\"p1\">\n<p class=\"p1\"><strong>&#8220;Wir zeigen unsere Gef\u00fchle mit offenen Herzen. Es sind nicht fir Effekte, Rauch oder Spiegel.\u00a0Es bist nur Du, das Mikrofon und die Wahrheit. Wir sind gekommen um auszusagen und ich habe G\u00e4nsehaut wenn ich nur daran denke.&#8221; &#8211; Rio Scafone<\/strong><\/p>\n<p class=\"p1\">Erik Harabadian. &#8220;Rio and the Rockabilly Revival.&#8221; <em>Detroit LIVE<\/em>, Sommer 2014: Seite 16-17. Print &amp; Web.<\/p>\n<hr \/>\n<p class=\"p1\">\n<p class=\"p1\">&#8220;In einem rot getupften Kleid sieht<span class=\"Apple-converted-space\">\u00a0 <\/span>aus wie Betty Paige, wussten alle das Rio Scafone nicht nur in der M\u00e4nerwelt purer Rockn&#8217; Roll ist. Das Lions Football Spiel war gerade zu Ende und man h\u00f6rte ihre grobk\u00f6rnige, gef\u00fchlvolle Stimme aus dem U Detroit City Cafe. Eine Mischung aus Johnny Cash, Elvis Presley und Janis Choplin. nur das ihr Name Rio Scafone ist. Sie und ihre Gruppe hatten ihren B\u00fchnenauftritt letztes Wochenende.&#8221;<\/p>\n<p class=\"p1\">Sam White &amp; Chris Azzopardi. &#8220;Rio Rocks On: Royal Oak actress finds her calling in a new rockabilly band.&#8221; Between The Lines News, 1. September 2011 in Print &amp; Web (auf PrideSource.com)<\/p>\n","protected":false},"excerpt":{"rendered":"<p>Die Presse redet&#8230;.. &#8220;Scafone&#8217;s auf der B\u00fchne, sich drehen, schwingen ubd besitzt jeden Centimeter wie eine bessessene satanische Derwisch. Ganz schnell ist die nostalgische Leistung, Kunst, eine super&#8230;<\/p>\n","protected":false},"author":1,"featured_media":0,"parent":0,"menu_order":2,"comment_status":"open","ping_status":"closed","template":"","meta":{"footnotes":""},"class_list":["post-11","page","type-page","status-publish","hentry"],"_links":{"self":[{"href":"https:\/\/epkdeutsch.rioandtherockabillyrevival.com\/index.php\/wp-json\/wp\/v2\/pages\/11","targetHints":{"allow":["GET"]}}],"collection":[{"href":"https:\/\/epkdeutsch.rioandtherockabillyrevival.com\/index.php\/wp-json\/wp\/v2\/pages"}],"about":[{"href":"https:\/\/epkdeutsch.rioandtherockabillyrevival.com\/index.php\/wp-json\/wp\/v2\/types\/page"}],"author":[{"embeddable":true,"href":"https:\/\/epkdeutsch.rioandtherockabillyrevival.com\/index.php\/wp-json\/wp\/v2\/users\/1"}],"replies":[{"embeddable":true,"href":"https:\/\/epkdeutsch.rioandtherockabillyrevival.com\/index.php\/wp-json\/wp\/v2\/comments?post=11"}],"version-history":[{"count":0,"href":"https:\/\/epkdeutsch.rioandtherockabillyrevival.com\/index.php\/wp-json\/wp\/v2\/pages\/11\/revisions"}],"wp:attachment":[{"href":"https:\/\/epkdeutsch.rioandtherockabillyrevival.com\/index.php\/wp-json\/wp\/v2\/media?parent=11"}],"curies":[{"name":"wp","href":"https:\/\/api.w.org\/{rel}","templated":true}]}}